{"id":6237,"date":"2017-11-29T03:44:36","date_gmt":"2017-11-29T03:44:36","guid":{"rendered":"http:\/\/russellbedford.yefersonmarcano.com\/blog-grid-modern"},"modified":"2019-02-15T15:31:08","modified_gmt":"2019-02-15T15:31:08","slug":"publicaciones","status":"publish","type":"page","link":"https:\/\/www.russellbedford.com.ec\/en\/publicaciones\/","title":{"rendered":"Publicaciones"},"content":{"rendered":"<div class=\"wpb-content-wrapper\"><p>[vc_row lg_spacing=\u00bbmargin_top:-20&#8243;][vc_column][rev_slider_vc alias=\u00bbblog\u00bb][\/vc_column][\/vc_row][vc_row][vc_column][tm_spacer size=\u00bblg:30&#8243;]<style type=\"text\/css\">\n\t\/**\n\t * Table of Contents\n\t *\n\t * 1.0 - Pagination\n\t * 2.0 - Social Media Icon\n\t * 3.0 - Default Blog Template\n\t * 4.0 - Classical Template\n\t * 5.0 - Light Breeze Template\n\t * 6.0 - Spektrum Template\n\t * 7.0 - Evolution Template\n\t * 8.0 - Timeline Template\n\t * 9.0 - News Template\n\t * 10.0 - Sallet Template\n\t * 11.0 - Media Grid Template\n\t * 12.0 - Crayon Slider Template\n\t * 13.0 - Blog-Carousel Template\n\t * 14.0 - Blog-Grid-Box Template\n\t * 15.0 - Ticker Template\n\t *\n\t *\/\n\t\/**\n\t * 1.0 - Pagination\n\t *\/\n\t.bdp-load-more a.button.bdp-load-more-btn {\n\t\tbackground-color: #00b4de;\t\tcolor: #ffffff;\t\tfont-size:14px;\t}\n\t.bd_pagination_box.wl_pagination_box .paging-navigation ul.page-numbers li a.page-numbers:hover,\n\t.bd_pagination_box.wl_pagination_box .paging-navigation ul.page-numbers li > span.current {\n\t\tbackground-color: #00b4de;\t\tcolor: #ffffff;\t\tfont-size:14px;\t}\n\t.bd_pagination_box.wl_pagination_box .paging-navigation ul.page-numbers li a.page-numbers {\n\t\tbackground-color: #ffffff;\t\tcolor: #00b4de;\t\tfont-size:14px;\t}\n\t.bd_pagination_box.wl_pagination_box .paging-navigation ul.page-numbers li a.page-numbers.dots {\n\t\tfont-size:14px !important;\t}\n\t\/**\n\t * 2.0 - Social Media Icon\n\t *\/    \n\t.blog_template .social-component a {\n\t\tborder-radius: 100%;\t}\n\t\/**\n\t * Post Title Setting\n\t *\/\n\t.bdp_blog_template .blog_header h2 a span,\n    .bdp_blog_template .bd-blog-header h2 a span,\n\t.glossary .blog_header h2 a span,\n\t.bdp_blog_template.media-grid .blog_header h2 a span,\n\t.bdp_blog_template.timeline .desc h3 a span,\n\t.blog_template.blog-grid-box h2.post_title a span{\n\t\t\t\t\t\t\t\tword-break : normal;\n\t\t\t\t\t\n\t}\n\n\t\/**\n\t * 3.0 - Default Blog Template\n\t *\/\n\t\t\t\/* .bdp_blog_template.nicy .blog_header h2, *\/\n\t\t.blog_template.sallet_slider h2,\n\t\t.blog_template.crayon_slider .blog_header h2,\n\t\t.glossary .blog_header h2,\n\t\t.bdp_blog_template .bd-blog-header h2 {        \n\t\t\tbackground: #ffffff\t\t}\n\t\t.blog_template .bd-more-tag-inline {\n\t\tcolor: #ffffff !important;\t\tfont-size:14px;\t}\n\t\t\t.bdp_blog_template .blog_header h2 a,\n\t\t.bdp_blog_template .bd-blog-header h2 a,\n\t\t.bdp_blog_template .bd_ad_container h4 {\n\t\t\tcolor: #222222 !important;\t\t\tfont-size: 35px;\t\t\tbackground-color: #ffffff !important;\n\t\t}\n\t\t.bdp_blog_template .blog_header h2,\n\t\t.bdp_blog_template .bd-blog-header h2,\n\t\t.blog_template .bd_ad_container h4 {\n\t\t\tfont-size: 35px;\t\t}\n\t\t.post_content-inner p,\n\t.bd-post-content {\n\t\tcolor:#999999;\t\tfont-size:14px;\t}\n\t.bdp_blog_template .bd-metacats,\n\t.bd-tags,\n\tspan.bd-category-link,\n\t.bdp_blog_template .author,\n\t.bdp_blog_template .date,\n\t.bdp_blog_template .bd-categories,\n\t.bdp_blog_template.evolution .bd-categories a,\n\t.bdp_blog_template .bd-categories a,\n\t.bd-meta-data-box .bd-metacats,\n\t.bd-meta-data-box .bd-metacomments,\n\t.bd-meta-data-box .bd-metacomments span,\n\t.bdp_blog_template .date i, .bdp_blog_template .author i, .bdp_blog_template .comment i,\n\t.bd-tags a,\n\tspan.bd-category-link a,\n\t.bd-metadatabox p,\n\tspan .bd-link-label,\n\t.bdp_blog_template .blog_footer span,\n\t.bd-metacomments i,\n\t.date_wrap i,\n\t.bdp_blog_template a,\n\t.bdp_blog_template .post_content,\n\t.bd-categories i,\n\t.bdp_blog_template.spektrum .post-bottom .post-by,\n\t.bdp_blog_template.spektrum .post-bottom .bd-tags,\n\t.bd-metadatabox,\n\t.bdp_blog_template.news .bd-blog-header .bd-metadatabox a,\n\t.bdp_blog_template.news .post-content-div .post_cat_tag > span i,\n\t.bdp_blog_template .bd-meta-data-box .bd-metadate, .bdp_blog_template .bd-meta-data-box .bd-metauser, .bdp_blog_template .bd-meta-data-box .bd-metacats,\n\t.bd-meta-data-box .bd-metacats a,\n\t.bd-meta-data-box .bd-metacomments a,\n\t.bdp_blog_template.box-template .bd-tags,\n\t.bdp_blog_template .datetime,\n\t.bdp_blog_template .link-lable,\n\t.bdp_blog_template .post-date\n\t.bdp_blog_template .bd_ad_container p, .blog_template .bd_ad_container, .bdp_blog_template .post-date, .bdp_blog_template .post-comment span {\n\t\tfont-size:14px;\t}\n\t.bdp_blog_template .date,\n\t.bdp_blog_template .comment,\n\t.bdp_blog_template .author .bd-icon-author,\n\t.bdp_blog_template .author,\n\t.bdp_blog_template.news .post-content-div .post_cat_tag > span i ,\n\t.bdp_blog_template .post-by,\n\t.bdp_blog_template .bd-categories i,\n\t.bdp_blog_template .bd-metacats i,\n\t.bdp_blog_template .category-link i,\n\t.bdp_blog_template .bd-tags i,\n\t.bdp_blog_template .bd-metacomments,\n\t.bdp_blog_template .date_wrap i,\n\t.bdp_blog_template .post-date,\n\t.bdp_blog_template .link-lable,\n\t.bdp_blog_template .datetime,\n\t.bdp_blog_template.glossary .post-author span,\n\t.bdp_blog_template .post_content-inner p,\n\t.bdp_blog_template .post_content,\n\t.bdp_blog_template .tags i {\n\t\tcolor:#999999;\t}\n\t.bdp_blog_template .bd-meta-data-box {\n\t\tcolor:#999999;\t}\n\t\t\t.bd-metadatabox {\n\t\t\tcolor:#999999;\t\t}\n\t\t.bd-link-label {\n\t\tcolor:#999999;\t}\n\t.bdp_blog_template a.bd-more-tag {\n\t\tbackground-color: #00b4de!important;\t\tcolor: #ffffff!important;\t}\n\t\t\t.bdp_blog_template a.bd-more-tag:hover {\n\t\t\tbackground-color: #ffffff!important;\t\t\tcolor: #00b4de!important;\t\t}\n\t\t.bdp_blog_template i {\n\t\tfont-style: normal !important;\n\t}\n\t\t\t.bd-tags,\n\t\tspan.bd-category-link,\n\t\t.bdp_blog_template .bd-categories,\n\t\t.bd-meta-data-box .bd-metacats,\n\t\t.bd-meta-data-box .bd-metacats a,\n\t\t.bd-meta-data-box .bd-metacomments a,\n\t\t.bdp_blog_template .bd-categories a,\n\t\t.bd-post-content a,\n\t\t.bd-tags a,\n\t\tspan.bd-category-link a,\n\t\t.bdp_blog_template .tags,\n\t\t.bdp_blog_template a {\n\t\t\tcolor:#1a237e !important;\n\t\t\tfont-weight: normal !important;\n\t\t}\n\t\t\t\t.bd-meta-data-box .bd-metacats a:hover,\n\t\t.bd-meta-data-box .bd-metacomments a:hover,\n\t\t.bdp_blog_template .bd-categories a:hover,\n\t\t.spektrum .post-bottom .bd-categories a:hover,\n\t\t.bd-post-content a:hover,\n\t\t.bd-tags a:hover,\n\t\tspan.bd-category-link a:hover,\n\t\t.bdp_blog_template a:hover,\n\t\t.bd-post-content a:hover {\n\t\t\tcolor:#999999 !important;\n\t\t}\n\t\t\t\t.bdp_blog_template.evolution,\n\t\t.bdp_blog_template.lightbreeze {\n\t\t\tbackground: #ffffff;\n\t\t}\n\t\t\t\t\/**\n\t * 4.0 - Classical Template\n\t *\/\n\t.bdp_blog_template.classical .bd-blog-header .bd-tags {\n\t\tcolor: #1a237e;\t}\n\t\/**\n\t * 5.0 - Light Breeze Template\n\t *\/\n\t\/**\n\t * 6.0 - Spektrum Template\n\t *\/\n\t.bdp_blog_template.spektrum .bd-blog-header {\n\t\tbackground:#ffffff;\t}\n\t\t\t.spektrum .date {\n\t\t\tbackground-color: #222222;\n\t\t}\n\t\t\t\t.spektrum .post-bottom .bd-categories a {\n\t\t\tcolor: #1a237e;\n\t\t}\n\t\t\t\t.spektrum .details a {\n\t\t\tcolor :#ffffff !important;\n\t\t\tfont-size:14px;\t\t}\n\t\t\t\t.spektrum .details a:hover {\n\t\t\tcolor :#00b4de;\n\t\t}\n\t\t\/**\n\t * 7.0 - Evolution Template\n\t *\/\n\t\/**\n\t * 8.0 - Timeline Template\n\t *\/\n\t.timeline_bg_wrap:before {\n\t\tbackground: none repeat scroll 0 0 #ffffff;\n\t}\n\t.bd-datetime, .timeline_year span.year_wrap {\n\t\tbackground: none repeat scroll 0 0 #ffffff;\n\t}\n\t.bdp_blog_template.timeline .post_hentry > p > i {\n\t\tbackground: #ffffff;\t}\n\t.bdp_blog_template.timeline:nth-child(2n+1) .post_content_wrap:before,\n\t.bdp_blog_template.timeline:nth-child(2n+1) .post_content_wrap:after {\n\t\tborder-left: 8px solid #ffffff;\n\t}\n\t.rtl .bdp_blog_template.timeline:nth-child(2n+1) .post_content_wrap:before,\n\t.rtl .bdp_blog_template.timeline:nth-child(2n+1) .post_content_wrap:after {\n\t\tborder-right: 8px solid #ffffff;\n\t}\n\t.bdp_blog_template.timeline:nth-child(2n) .post_content_wrap:before,\n\t.bdp_blog_template.timeline:nth-child(2n) .post_content_wrap:after {\n\t\tborder-right: 8px solid #ffffff;\n\t}\n\t.rtl .bdp_blog_template.timeline:nth-child(2n) .post_content_wrap:before,\n\t.rtl .bdp_blog_template.timeline:nth-child(2n) .post_content_wrap:after {\n\t\tborder-left: 8px solid #ffffff;\n\t}\n\t.post_content_wrap {\n\t\tborder:1px solid #ffffff;\n\t}\n\t.bdp_blog_template .post_content_wrap .blog_footer {\n\t\tborder-top: 1px solid #ffffff ;\n\t}\n\t.bdp_blog_template .post-icon {\n\t\tbackground:#ffffff;\t}\n\t.bdp_blog_template.timeline .desc h3 a{\n\t\tcolor: #222222 !important;\t\tbackground:#ffffff !important;\t\tfont-size: 35px;\t}\n\n\t\/*media query*\/\n\t@media screen and (max-width: 991px) {\n\t\t.bdp_blog_template.timeline:nth-child(2n+1) .post_content_wrap:before,\n\t\t.bdp_blog_template.timeline:nth-child(2n+1) .post_content_wrap:after {\n\t\t\tborder-right: 8px solid #ffffff;\n\t\t}\n\t}\n\t\/**\n\t * 9.0 - News Template\n\t *\/\n\t\t\t.bdp_blog_template.news .bd-blog-header h2.title a{\n\t\t\tcolor: #222222;\t\t\tfont-size: 35px;\t\t}\n\t\t\/* .blog_template.boxy-clean .blog_header h2, *\/\n\t.bdp_blog_template.news .bd-blog-header h2.title{\n\t\tbackground: #ffffff\t}\n\t.bdp_blog_template.news {\n\t\tbackground-color: #ffffff\t}\n\t.bdp_blog_template.news a.bd-more-tag{\n\t\tfloat: right !important;\n\t}\n\t.blog_template.boxy-clean ul li:hover,\n\t.blog_template.boxy-clean ul li:hover .blog_header h2 {\n\t\tbackground: ;\n\t}\n\t.glossary .post_content-inner {\n\t\tborder-color: #ffffff;\t}\n\t.blog_template.boxy-clean .blog_wrap.bdp_blog_template .author {\n\t\tbackground: #ffffff;\t}\n\t\/** 10.0 - Sallet Template *\/\n\t.bdp_blog_template.sallet_slider .blog_header > div > div > div {\n\t\tbackground: #ffffff;\t}\n\t.bdp_blog_template.sallet_slider .blog_header > div > div > div::before {\n\t\tbackground: #ffffff none repeat scroll 0 0;\t}\n\t.bdp_blog_template.sallet_slider.right {\n\t\tbackground: #ffffff ;\t}\n\t.blog_template.sallet_slider .category-link a {\n\t\tbackground: #ffffff ;\t\tcolor: #fff !important;\n\t}\n\t\/** 11.0 - Media Grid Template *\/\n\t.bdp_blog_template.media-grid .blog_header h2 a {\n\t\tbackground: #ffffff\t}\n\t.bdp_blog_template.media-grid .bd-metacats {\n\t\tbackground: #ffffff\t}\n\n\t.bdp_blog_template.media-grid .bd-metacats:hover{\n\t\t\t}\n\n\t.bdp_blog_template.media-grid .post-meta .postdate {\n\t\tfont-size: 14px\t}\n\t\/** 12.0 - Crayon Slider Template *\/\n\t\t\t\/** 13.0 - Blog Carousel Template *\/\n\tli.blog_template.bdp_blog_template.blog_carousel {\n\t\tbackground: #ffffff\t}\n\t.blog_template.blog_carousel .blog_header:hover {\n\t\t}\n\t\/** 14.0 - Blog-Grid-Box Template *\/\n\t.blog_template.blog-grid-box .bd-more-next-line a {\n\t\tbackground: #00b4de;\t\tcolor: #ffffff\t}\n\t.blog_template.blog-grid-box .post-comment a,\n\t.blog_template.blog-grid-box .mauthor .author a,\n\t.blog_template.blog-grid-box .bd-metacats a,\n\t.blog_template.blog-grid-box .mdate a {\n\t\tcolor: #1a237e\t}\n\t.blog_template.blog-grid-box .post-comment a:hover,\n\t.blog_template.blog-grid-box .mauthor .author a:hover,\n\t.blog_template.blog-grid-box .bd-metacats a:hover,\n\t.blog_template.blog-grid-box .mdate a:hover {\n\t\tcolor: #999999\t}\n\t.blog_template.blog-grid-box .post_title a {\n\t\tcolor: #222222;background: #ffffff;font-size: 35px\t}\n\t.blog_template.blog-grid-box .post_content {\n\t\tcolor: #999999;font-size: 14px\t}\n\t.blog_template.blog-grid-box {\n\t\tbackground: #ffffff\t}\n\n\t\/** 15.0 - Ticker Template *\/\n\t#blog-ticker-style-1 {\n\t\tborder-color: #ffffff\t}\n\t#blog-ticker-style-1 .ticker-title {\n\t\tbackground-color: #ffffff\t}\n\t#blog-ticker-style-1 .ticker-style-title {\n\t\t\t}\n\t#blog-ticker-style-1 .ticker-title>span {\n\t\tborder-color: transparent transparent transparent#ffffff\t}\n\t#blog-ticker-style-1 .blog-tickers a:hover {\n\t\tcolor: #ffffff\t}\n\t#blog-ticker-style-1 .blog-tickers a {\n\t\tcolor: #222222\t}\n\t<\/style>\n<div class=\"bdp_wrapper\">\t\t<div class=\"blog_template bdp_blog_template news \">\n\t\t\t\t\t\t\t<div class=\"bd-post-image\">\n\t\t\t\t\t<a href=\"https:\/\/www.russellbedford.com.ec\/en\/russell-bedford-ecuador-recibe-el-sello-ataf-approved-transnational-audit-firm\/\"><img loading=\"lazy\" decoding=\"async\" width=\"740\" height=\"500\" src=\"https:\/\/www.russellbedford.com.ec\/en\/wp-content\/uploads\/2017\/09\/3.jpg\" class=\"attachment-full size-full wp-post-image\" alt=\"\" srcset=\"https:\/\/www.russellbedford.com.ec\/en\/wp-content\/uploads\/2017\/09\/3.jpg 740w, https:\/\/www.russellbedford.com.ec\/en\/wp-content\/uploads\/2017\/09\/3-300x203.jpg 300w\" sizes=\"auto, (max-width: 740px) 100vw, 740px\" \/><\/a>\n\t\t\t\t<\/div>\n\t\t\t\t\t\t\t<div class=\"post-content-div\">\n\t\t\t\t<div class=\"bd-blog-header\">\n\t\t\t\t\t<h2 class=\"title\"><a href=\"https:\/\/www.russellbedford.com.ec\/en\/russell-bedford-ecuador-recibe-el-sello-ataf-approved-transnational-audit-firm\/\"><span>RUSSELL BEDFORD ECUADOR recibe el sello ATAF (Approved Transnational Audit Firm)<\/span><\/a><\/h2>\n\t\t\t\t\t\t\t\t\t<\/div>\n\t\t\t\t<div class=\"bd-post-content\">\n\t\t\t\t\tEn el mes de Enero de 2018, Russell Bedford Ecuador recibi\u00f3 la certificaci\u00f3n AQC (AUDIT QUALITY CONTROL), emitido por su Matriz, para garantizar la calidad y el alto est\u00e1ndar en todas sus pr\u00e1cticas.&nbsp; Russell Bedford Ecuador dio un paso m\u00e1s para obtener un signo de \u00abexcelencia superior\u00bb al ser galardonado con la marca ATAF (APPROVED TRANSNATIONAL AUDIT FIRM). Para lograr tal aprobaci\u00f3n, las empresas deben: realizar auditor\u00edas de acuerdo con las Normas Internacionales de Auditor\u00eda\t\t\t\t<\/div>\n\t\t\t\t\t\t\t\t\t<div class=\"post_cat_tag\">\n\t\t\t\t\t\t\t\t\t\t\t<\/div>\n\t\t\t\t\t\t\t\t\t<div class=\"bd-post-footer\">\n\t\t\t\t\t\t\t\t\t\t<a class=\"bd-more-tag\" href=\"https:\/\/www.russellbedford.com.ec\/en\/russell-bedford-ecuador-recibe-el-sello-ataf-approved-transnational-audit-firm\/\">Leer M\u00e1s <\/a>\t\t\t\t<\/div><\/div><\/div>\n\t\t\t\t<div class=\"blog_template bdp_blog_template news \">\n\t\t\t\t\t\t\t<div class=\"bd-post-image\">\n\t\t\t\t\t<a href=\"https:\/\/www.russellbedford.com.ec\/en\/nueva-imagen-de-russell-bedford\/\"><img loading=\"lazy\" decoding=\"async\" width=\"1138\" height=\"474\" src=\"https:\/\/www.russellbedford.com.ec\/en\/wp-content\/uploads\/2017\/09\/1.jpg\" class=\"attachment-full size-full wp-post-image\" alt=\"\" srcset=\"https:\/\/www.russellbedford.com.ec\/en\/wp-content\/uploads\/2017\/09\/1.jpg 1138w, https:\/\/www.russellbedford.com.ec\/en\/wp-content\/uploads\/2017\/09\/1-300x125.jpg 300w, https:\/\/www.russellbedford.com.ec\/en\/wp-content\/uploads\/2017\/09\/1-768x320.jpg 768w, https:\/\/www.russellbedford.com.ec\/en\/wp-content\/uploads\/2017\/09\/1-1024x427.jpg 1024w\" sizes=\"auto, (max-width: 1138px) 100vw, 1138px\" \/><\/a>\n\t\t\t\t<\/div>\n\t\t\t\t\t\t\t<div class=\"post-content-div\">\n\t\t\t\t<div class=\"bd-blog-header\">\n\t\t\t\t\t<h2 class=\"title\"><a href=\"https:\/\/www.russellbedford.com.ec\/en\/nueva-imagen-de-russell-bedford\/\"><span>Nueva imagen de Russell Bedford<\/span><\/a><\/h2>\n\t\t\t\t\t\t\t\t\t<\/div>\n\t\t\t\t<div class=\"bd-post-content\">\n\t\t\t\t\tRussell Bedford International junto con sus oficinas a nivel mundial, cambi\u00f3 su imagen la misma que demuestra su inter\u00e9s en evolucionar y expandirse. Lo \u00fanico que es constante es el cambio. &#8216; Como una red que ha visto muchos cambios en casi cuatro d\u00e9cadas de existencia, reconocimos que si quer\u00edamos seguir siendo relevantes para nuestros miembros, para hablar con las generaciones m\u00e1s j\u00f3venes que ascend\u00edan en las filas, demostrando nuestro deseo de expandirnos y evolucionar\t\t\t\t<\/div>\n\t\t\t\t\t\t\t\t\t<div class=\"post_cat_tag\">\n\t\t\t\t\t\t\t\t\t\t\t<\/div>\n\t\t\t\t\t\t\t\t\t<div class=\"bd-post-footer\">\n\t\t\t\t\t\t\t\t\t\t<a class=\"bd-more-tag\" href=\"https:\/\/www.russellbedford.com.ec\/en\/nueva-imagen-de-russell-bedford\/\">Leer M\u00e1s <\/a>\t\t\t\t<\/div><\/div><\/div>\n\t\t\t\t<div class=\"blog_template bdp_blog_template news \">\n\t\t\t\t\t\t\t<div class=\"bd-post-image\">\n\t\t\t\t\t<a href=\"https:\/\/www.russellbedford.com.ec\/en\/reforma-al-reglamento-de-aplicacion-de-la-ley-organica-de-regimen-tributario\/\"><img loading=\"lazy\" decoding=\"async\" width=\"740\" height=\"500\" src=\"https:\/\/www.russellbedford.com.ec\/en\/wp-content\/uploads\/2017\/09\/4.jpg\" class=\"attachment-full size-full wp-post-image\" alt=\"\" srcset=\"https:\/\/www.russellbedford.com.ec\/en\/wp-content\/uploads\/2017\/09\/4.jpg 740w, https:\/\/www.russellbedford.com.ec\/en\/wp-content\/uploads\/2017\/09\/4-300x203.jpg 300w\" sizes=\"auto, (max-width: 740px) 100vw, 740px\" \/><\/a>\n\t\t\t\t<\/div>\n\t\t\t\t\t\t\t<div class=\"post-content-div\">\n\t\t\t\t<div class=\"bd-blog-header\">\n\t\t\t\t\t<h2 class=\"title\"><a href=\"https:\/\/www.russellbedford.com.ec\/en\/reforma-al-reglamento-de-aplicacion-de-la-ley-organica-de-regimen-tributario\/\"><span>Reforma al Reglamento de Aplicaci\u00f3n de la Ley Org\u00e1nica de R\u00e9gimen Tributario<\/span><\/a><\/h2>\n\t\t\t\t\t\t\t\t\t<\/div>\n\t\t\t\t<div class=\"bd-post-content\">\n\t\t\t\t\tAspectos Importantes\u00a0 [ RESUMEN ]\u00a0Cuando una fecha de vencimiento coincida con los d\u00edas de descanso obligatorio o feriados nacionales o locales, aquella se trasladar\u00e1 al siguiente d\u00eda h\u00e1bil, a menos que por efectos de traslado, la fecha de vencimiento corresponda al siguiente mes, en cuyo caso no aplicar\u00e1 esta regla, y la fecha de vencimiento\u00a0deber\u00e1 adelantarse al \u00faltimo d\u00eda h\u00e1bil del mes de vencimiento. APLICACI\u00d3N DEL IMPUESTO A LOS ACTIVOS EN EL EXTERIOR Cuando una\t\t\t\t<\/div>\n\t\t\t\t\t\t\t\t\t<div class=\"post_cat_tag\">\n\t\t\t\t\t\t\t\t\t\t\t<\/div>\n\t\t\t\t\t\t\t\t\t<div class=\"bd-post-footer\">\n\t\t\t\t\t\t\t\t\t\t<a class=\"bd-more-tag\" href=\"https:\/\/www.russellbedford.com.ec\/en\/reforma-al-reglamento-de-aplicacion-de-la-ley-organica-de-regimen-tributario\/\">Leer M\u00e1s <\/a>\t\t\t\t<\/div><\/div><\/div>\n\t\t\t\t<div class=\"blog_template bdp_blog_template news \">\n\t\t\t\t\t\t\t<div class=\"bd-post-image\">\n\t\t\t\t\t<a href=\"https:\/\/www.russellbedford.com.ec\/en\/normas-para-regular-devolucion-del-credito-tributario-2\/\"><img loading=\"lazy\" decoding=\"async\" width=\"740\" height=\"500\" src=\"https:\/\/www.russellbedford.com.ec\/en\/wp-content\/uploads\/2017\/09\/6.jpg\" class=\"attachment-full size-full wp-post-image\" alt=\"\" srcset=\"https:\/\/www.russellbedford.com.ec\/en\/wp-content\/uploads\/2017\/09\/6.jpg 740w, https:\/\/www.russellbedford.com.ec\/en\/wp-content\/uploads\/2017\/09\/6-300x203.jpg 300w\" sizes=\"auto, (max-width: 740px) 100vw, 740px\" \/><\/a>\n\t\t\t\t<\/div>\n\t\t\t\t\t\t\t<div class=\"post-content-div\">\n\t\t\t\t<div class=\"bd-blog-header\">\n\t\t\t\t\t<h2 class=\"title\"><a href=\"https:\/\/www.russellbedford.com.ec\/en\/normas-para-regular-devolucion-del-credito-tributario-2\/\"><span>Nueva versi\u00f3n del Formulario 101<\/span><\/a><\/h2>\n\t\t\t\t\t\t\t\t\t<\/div>\n\t\t\t\t<div class=\"bd-post-content\">\n\t\t\t\t\tAspectos Importantes\u00a0 El 30 de marzo del 2018, el SRI mediante\u00a0Resoluci\u00f3n N\u00b0NAC-DGERCGC18-00000157\u00a0puso a disposici\u00f3n de los contribuyentes la\u00a0nueva versi\u00f3n del formulario 101\u00a0para la declaraci\u00f3n del impuesto a la renta y presentaci\u00f3n de estados financieros. \u00a0 Se adjunta nueva versi\u00f3n del formulario\u00a0click. Si usted desea estar actualizado sobre la normativa tributaria, comun\u00edquese con nosotros.\u00a0 En Russell Bedford Ecuador tenemos un equipo de consultores y auditores que le asesoran en temas contables, auditor\u00eda e impuestos.\t\t\t\t<\/div>\n\t\t\t\t\t\t\t\t\t<div class=\"post_cat_tag\">\n\t\t\t\t\t\t\t\t\t\t\t<\/div>\n\t\t\t\t\t\t\t\t\t<div class=\"bd-post-footer\">\n\t\t\t\t\t\t\t\t\t\t<a class=\"bd-more-tag\" href=\"https:\/\/www.russellbedford.com.ec\/en\/normas-para-regular-devolucion-del-credito-tributario-2\/\">Leer M\u00e1s <\/a>\t\t\t\t<\/div><\/div><\/div>\n\t\t\t\t<div class=\"blog_template bdp_blog_template news \">\n\t\t\t\t\t\t<div class=\"post-content-div full_with_class\">\n\t\t\t\t<div class=\"bd-blog-header\">\n\t\t\t\t\t<h2 class=\"title\"><a href=\"https:\/\/www.russellbedford.com.ec\/en\/normas-para-regular-devolucion-del-credito-tributario\/\"><span>Normas para Regular Devoluci\u00f3n Del Cr\u00e9dito Tributario<\/span><\/a><\/h2>\n\t\t\t\t\t\t\t\t\t<\/div>\n\t\t\t\t<div class=\"bd-post-content\">\n\t\t\t\t\tAspectos Importantes La solicitud para la devoluci\u00f3n del cr\u00e9dito tributario generado por retenciones en la fuente de IVA se presentar\u00e1 por per\u00edodos mensuales y podr\u00e1n acumularse hasta por doce per\u00edodos de un mismo ejercicio impositivo. Las solicitudes que se presenten por periodos acumulados deber\u00e1n considerar un orden cronol\u00f3gico para su presentaci\u00f3n. La solicitud antes se\u00f1alada deber\u00e1 contener la explicaci\u00f3n de la presunci\u00f3n de que el cr\u00e9dito tributario resultante no podr\u00e1 ser compensado dentro de los\t\t\t\t<\/div>\n\t\t\t\t\t\t\t\t\t<div class=\"post_cat_tag\">\n\t\t\t\t\t\t\t\t\t\t\t<\/div>\n\t\t\t\t\t\t\t\t\t<div class=\"bd-post-footer\">\n\t\t\t\t\t\t\t\t\t\t<a class=\"bd-more-tag\" href=\"https:\/\/www.russellbedford.com.ec\/en\/normas-para-regular-devolucion-del-credito-tributario\/\">Leer M\u00e1s <\/a>\t\t\t\t<\/div><\/div><\/div>\n\t\t<div class=\"wl_pagination_box bd_pagination_box  news\"><nav class=\"navigation paging-navigation\" role=\"navigation\"><ul class='page-numbers'>\n\t<li><span aria-current=\"page\" class=\"page-numbers current\">1<\/span><\/li>\n\t<li><a class=\"page-numbers\" href=\"https:\/\/www.russellbedford.com.ec\/en\/wp-json\/wp\/v2\/pages\/6237\/page\/2\/\">2<\/a><\/li>\n\t<li><span class=\"page-numbers dots\">&hellip;<\/span><\/li>\n\t<li><a class=\"page-numbers\" href=\"https:\/\/www.russellbedford.com.ec\/en\/wp-json\/wp\/v2\/pages\/6237\/page\/7\/\">7<\/a><\/li>\n\t<li><a class=\"next page-numbers\" href=\"https:\/\/www.russellbedford.com.ec\/en\/wp-json\/wp\/v2\/pages\/6237\/page\/2\/\">Next &rarr;<\/a><\/li>\n<\/ul>\n<\/nav><\/div><\/div>[\/vc_column][\/vc_row]<\/p>\n<\/div>","protected":false},"excerpt":{"rendered":"[vc_row lg_spacing=\u00bbmargin_top:-20&#8243;][vc_column][rev_slider_vc alias=\u00bbblog\u00bb][\/vc_column][\/vc_row][vc_row][vc_column][tm_spacer size=\u00bblg:30&#8243;][\/vc_column][\/vc_row]","protected":false},"author":1,"featured_media":0,"parent":0,"menu_order":0,"comment_status":"closed","ping_status":"closed","template":"","meta":{"footnotes":""},"class_list":["post-6237","page","type-page","status-publish","hentry"],"_links":{"self":[{"href":"https:\/\/www.russellbedford.com.ec\/en\/wp-json\/wp\/v2\/pages\/6237","targetHints":{"allow":["GET"]}}],"collection":[{"href":"https:\/\/www.russellbedford.com.ec\/en\/wp-json\/wp\/v2\/pages"}],"about":[{"href":"https:\/\/www.russellbedford.com.ec\/en\/wp-json\/wp\/v2\/types\/page"}],"author":[{"embeddable":true,"href":"https:\/\/www.russellbedford.com.ec\/en\/wp-json\/wp\/v2\/users\/1"}],"replies":[{"embeddable":true,"href":"https:\/\/www.russellbedford.com.ec\/en\/wp-json\/wp\/v2\/comments?post=6237"}],"version-history":[{"count":17,"href":"https:\/\/www.russellbedford.com.ec\/en\/wp-json\/wp\/v2\/pages\/6237\/revisions"}],"predecessor-version":[{"id":6885,"href":"https:\/\/www.russellbedford.com.ec\/en\/wp-json\/wp\/v2\/pages\/6237\/revisions\/6885"}],"wp:attachment":[{"href":"https:\/\/www.russellbedford.com.ec\/en\/wp-json\/wp\/v2\/media?parent=6237"}],"curies":[{"name":"wp","href":"https:\/\/api.w.org\/{rel}","templated":true}]}}