{"id":6685,"date":"2018-12-01T03:36:30","date_gmt":"2018-12-01T03:36:30","guid":{"rendered":"http:\/\/russellbedford.yefersonmarcano.com\/?page_id=6685"},"modified":"2024-11-05T20:40:22","modified_gmt":"2024-11-05T20:40:22","slug":"business-intelligence","status":"publish","type":"page","link":"https:\/\/www.russellbedford.com.ec\/en\/business-intelligence\/","title":{"rendered":"Business Consulting"},"content":{"rendered":"<div class=\"wpb-content-wrapper\"><p>[vc_row][vc_column][vc_column_text]\n\t\t\t<!-- START Business Intelligence REVOLUTION SLIDER 6.7.30 --><p class=\"rs-p-wp-fix\"><\/p>\n\t\t\t<rs-module-wrap id=\"rev_slider_37_1_wrapper\" data-source=\"gallery\" style=\"visibility:hidden;background:transparent;padding:0;margin:0px auto;margin-top:0;margin-bottom:0;\">\n\t\t\t\t<rs-module id=\"rev_slider_37_1\" style=\"\" data-version=\"6.7.30\">\n\t\t\t\t\t<rs-slides style=\"overflow: hidden; position: absolute;\">\n\t\t\t\t\t\t<rs-slide style=\"position: absolute;\" data-key=\"rs-77\" data-title=\"Slide\" data-anim=\"adpr:false;\">\n\t\t\t\t\t\t\t<img decoding=\"async\" src=\"\/\/www.russellbedford.com.ec\/en\/wp-content\/plugins\/revslider\/sr6\/assets\/assets\/dummy.png\" alt=\"\" title=\"Business Consulting\" class=\"rev-slidebg tp-rs-img rs-lazyload\" data-lazyload=\"\/\/www.russellbedford.com.ec\/en\/wp-content\/uploads\/2017\/09\/Slider-business-intelligence-v1.1-1.jpg\" data-no-retina>\n<!--\n\t\t\t\t\t\t\t--><rs-layer\n\t\t\t\t\t\t\t\tid=\"slider-37-slide-77-layer-1\" \n\t\t\t\t\t\t\t\tdata-type=\"text\"\n\t\t\t\t\t\t\t\tdata-color=\"#001871\"\n\t\t\t\t\t\t\t\tdata-rsp_ch=\"on\"\n\t\t\t\t\t\t\t\tdata-xy=\"xo:172px,172px,172px,59px;yo:387px,387px,387px,391px;\"\n\t\t\t\t\t\t\t\tdata-text=\"s:18,18,18,23;l:22;fw:600;a:inherit;\"\n\t\t\t\t\t\t\t\tdata-frame_0=\"tp:600;\"\n\t\t\t\t\t\t\t\tdata-frame_1=\"tp:600;st:0;\"\n\t\t\t\t\t\t\t\tdata-frame_999=\"o:0;tp:600;st:w;sR:8700.0006103516;\"\n\t\t\t\t\t\t\t\tstyle=\"z-index:5;font-family:'Open Sans';\"\n\t\t\t\t\t\t\t>Audit | Outsourcing | Taxes | Consultancy \n\t\t\t\t\t\t\t<\/rs-layer><!--\n\n\t\t\t\t\t\t\t--><rs-layer\n\t\t\t\t\t\t\t\tid=\"slider-37-slide-77-layer-2\" \n\t\t\t\t\t\t\t\tdata-type=\"text\"\n\t\t\t\t\t\t\t\tdata-color=\"#981d97\"\n\t\t\t\t\t\t\t\tdata-rsp_ch=\"on\"\n\t\t\t\t\t\t\t\tdata-xy=\"xo:51px;yo:325px;\"\n\t\t\t\t\t\t\t\tdata-text=\"s:65;l:22;a:inherit;\"\n\t\t\t\t\t\t\t\tdata-frame_0=\"tp:600;\"\n\t\t\t\t\t\t\t\tdata-frame_1=\"tp:600;st:0;\"\n\t\t\t\t\t\t\t\tdata-frame_999=\"o:0;tp:600;st:w;sR:8700.0006103516;\"\n\t\t\t\t\t\t\t\tstyle=\"z-index:6;font-family:'Open Sans';\"\n\t\t\t\t\t\t\t>Business \n\t\t\t\t\t\t\t<\/rs-layer><!--\n\n\t\t\t\t\t\t\t--><rs-layer\n\t\t\t\t\t\t\t\tid=\"slider-37-slide-77-layer-3\" \n\t\t\t\t\t\t\t\tdata-type=\"text\"\n\t\t\t\t\t\t\t\tdata-color=\"#981d97\"\n\t\t\t\t\t\t\t\tdata-rsp_ch=\"on\"\n\t\t\t\t\t\t\t\tdata-xy=\"xo:332px;yo:324px;\"\n\t\t\t\t\t\t\t\tdata-text=\"s:65;l:22;fw:600;a:inherit;\"\n\t\t\t\t\t\t\t\tdata-frame_0=\"tp:600;\"\n\t\t\t\t\t\t\t\tdata-frame_1=\"tp:600;st:0;\"\n\t\t\t\t\t\t\t\tdata-frame_999=\"o:0;tp:600;st:w;sR:8700.0006103516;\"\n\t\t\t\t\t\t\t\tstyle=\"z-index:7;font-family:'Open Sans';\"\n\t\t\t\t\t\t\t>Intelligence \n\t\t\t\t\t\t\t<\/rs-layer><!--\n-->\t\t\t\t\t<\/rs-slide>\n\t\t\t\t\t<\/rs-slides>\n\t\t\t\t<\/rs-module>\n\t\t\t\t<script>\n\t\t\t\t\tsetREVStartSize({c: 'rev_slider_37_1',rl:[1240,1240,1240,480],el:[],gw:[1920,1920,1920,1920],gh:[700,700,700,700],type:'standard',justify:'',layout:'fullwidth',mh:\"0\"});if (window.RS_MODULES!==undefined && window.RS_MODULES.modules!==undefined && window.RS_MODULES.modules[\"revslider371\"]!==undefined) {window.RS_MODULES.modules[\"revslider371\"].once = false;window.revapi37 = undefined;if (window.RS_MODULES.checkMinimal!==undefined) window.RS_MODULES.checkMinimal()}\n\t\t\t\t<\/script>\n\t\t\t<\/rs-module-wrap>\n\t\t\t<!-- END REVOLUTION SLIDER -->\n[\/vc_column_text][\/vc_column][\/vc_row][vc_row][vc_column][tm_spacer size=\u00bbsm:10;lg:50&#8243;][\/vc_column][\/vc_row][vc_row][vc_column][vc_column_text]<span style=\"font-family: lato-font; font-size: 12pt;\"><img loading=\"lazy\" decoding=\"async\" class=\"alignnone wp-image-6915\" src=\"https:\/\/www.russellbedford.com.ec\/en\/wp-content\/uploads\/2017\/09\/LOGO-MORADO_Mesa-de-trabajo-1-300x293.png\" alt=\"\" width=\"21\" height=\"20\" srcset=\"https:\/\/www.russellbedford.com.ec\/en\/wp-content\/uploads\/2017\/09\/LOGO-MORADO_Mesa-de-trabajo-1-300x293.png 300w, https:\/\/www.russellbedford.com.ec\/en\/wp-content\/uploads\/2017\/09\/LOGO-MORADO_Mesa-de-trabajo-1-150x150.png 150w, https:\/\/www.russellbedford.com.ec\/en\/wp-content\/uploads\/2017\/09\/LOGO-MORADO_Mesa-de-trabajo-1-560x572.png 560w, https:\/\/www.russellbedford.com.ec\/en\/wp-content\/uploads\/2017\/09\/LOGO-MORADO_Mesa-de-trabajo-1.png 586w\" sizes=\"auto, (max-width: 21px) 100vw, 21px\" \/>\u00a0<span style=\"color: #981d97; font-size: 14pt;\">BUSINESS<strong> CONSULTING<\/strong><\/span><\/span>[\/vc_column_text][tm_spacer size=\u00bblg:25&#8243;][vc_column_text]With <strong>Russell Bedford Ecuador<\/strong>, you gain a trusted consultant who will guide you in elevating your achievements. We help you rethink and critically assess your current organizational structure, offering innovative ideas that challenge and motivate you to step beyond your comfort zones. In today\u2019s dynamic and multifaceted business environment, we empower you to adapt, grow, and thrive.<\/p>\n<h4><span style=\"color: #981d97;\">Risk | Governance | Compliance<\/span><\/h4>\n<p>A firm specialized in operational and strategic risk, corporate governance, and compliance. We provide support in diagnosis, design, implementation, maintenance, improvement, and auditing. We identify the root causes of your problems and offer solutions that add value to your organization. We have certified personnel in each of our areas of expertise.<\/p>\n<h4><span style=\"color: #981d97;\">Risk Management<\/span><\/h4>\n<ul>\n<li>Design and implementation of strategic and operational risk management systems aligned with ISO 31000<\/li>\n<li>Diagnostics of risk management models based on ISO 31000, COSO ERM, or proprietary models<\/li>\n<li>Design of risk management manuals<\/li>\n<li>Support in the identification, analysis, and evaluation of risks<\/li>\n<li>Design and implementation of enterprise risk management aligned with the COSO ERM framework<\/li>\n<\/ul>\n<h4><span style=\"color: #981d97;\">Information Security and Cybersecurity<\/span><\/h4>\n<ul>\n<li>Support in defining cybersecurity strategies<\/li>\n<li>Diagnostics of information security models and cybersecurity models<\/li>\n<li>Design and implementation of information security management systems aligned with ISO 27001<\/li>\n<li>Support in defining the scope of the ISMS<\/li>\n<li>Identification and prioritization of information assets<\/li>\n<li>Support in internal and external audits of information security management systems<\/li>\n<li>Support in the creation of information security and cybersecurity risk matrices<\/li>\n<li>Design of incident management plans for information security and cybersecurity<\/li>\n<li>Identification and analysis of vulnerabilities<\/li>\n<\/ul>\n<h4><span style=\"color: #981d97;\">Business Continuity and Disaster Recovery<\/span><\/h4>\n<ul>\n<li>Diagnostics of business continuity and technology recovery schemes<\/li>\n<li>Support in creating Business Impact Analysis (BIA)<\/li>\n<li>Evaluation of business continuity and technology recovery risks<\/li>\n<li>Definition of continuity strategies<\/li>\n<li>Design and implementation of contingency and operational continuity plans<\/li>\n<li>Support in identifying RTO (Recovery Time Objective), RPO (Recovery Point Objective)<\/li>\n<li>Design and implementation of business continuity management systems aligned with ISO 22301<\/li>\n<li>Support in internal and external audits of existing continuity models<\/li>\n<li>Design of crisis management plans and war games with senior management<\/li>\n<li>Support in business continuity and technology recovery tests<\/li>\n<\/ul>\n<h4><span style=\"color: #981d97;\">Technology and Business Processes<\/span><\/h4>\n<ul>\n<li>Support in creating technology risk matrices and business process risks<\/li>\n<li>Review, improvement, and documentation of technology and business processes<\/li>\n<li>Current diagnostic of system implementation and\/or migration<\/li>\n<li>Support in the implementation and\/or migration of an application system (PQA \u2013 Project Quality Assurance)<\/li>\n<li>Risk-based audits<\/li>\n<li>Shared services center \u2013 review of general controls of technology and business processes<\/li>\n<li>Internal and external audits of systems based on risk<\/li>\n<li>Compliance audits<\/li>\n<li>Operational audits (agreed procedures)<\/li>\n<li>Review of software licensing<\/li>\n<li>Support in the creation of work plans for internal audits<\/li>\n<\/ul>\n<h4><span style=\"color: #981d97;\">Corporate Governance<\/span><\/h4>\n<ul>\n<li>Design and implementation of internal control models aligned with COSO 2013<\/li>\n<li>Gap analysis to measure the maturity level of COSO 2013 implementation<\/li>\n<li>Best practices in corporate governance<\/li>\n<li>Fraud control and prevention models<\/li>\n<li>Design and implementation of anti-bribery management models aligned with ISO 37001<\/li>\n<li>Gap analysis for ISO 37001 compliance<\/li>\n<\/ul>\n<h4><span style=\"color: #981d97;\">Compliance<\/span><\/h4>\n<ul>\n<li>Design and implementation of compliance management systems aligned with ISO 37301<\/li>\n<li>Diagnostics of compliance models<\/li>\n<li>Internal and external compliance audits<\/li>\n<li>Design and implementation of personal data protection programs<\/li>\n<li>Diagnostics of data protection models applying current law<\/li>\n<\/ul>\n<h4><span style=\"color: #981d97;\">Executive and Certification Courses in:<\/span><\/h4>\n<ul>\n<li>International ISO 22301 Certification \u2013 Business Continuity (Lead Implementer and Lead Auditor)<\/li>\n<li>International ISO 27001 Certification \u2013 Information Security (Lead Implementer and Lead Auditor)<\/li>\n<li>International ISO 27005 Certification \u2013 Information Security Risk Manager<\/li>\n<li>International ISO 31000 Certification \u2013 Risk Manager<\/li>\n<li>International ISO 37001 Certification \u2013 Anti-bribery (Lead Implementer and Lead Auditor)<\/li>\n<li>International ISO 37301 Certification \u2013 Compliance (Lead Implementer and Lead Auditor)<\/li>\n<li>Support in in-house courses based on specialized subject needs<\/li>\n<\/ul>\n<p><strong><span style=\"color: #001871;\">To request our services, you can contact directly:<\/span><\/strong><\/p>\n<ul>\n<li>Ra\u00fal V. Gonz\u00e1lez Carri\u00f3n | Partner, Consulting | Russell Bedford Ecuador<\/li>\n<li>Email: <a rel=\"noopener\">rgonzalez@rbecuador.com<\/a><\/li>\n<\/ul>\n<p>[\/vc_column_text][\/vc_column][\/vc_row][vc_row][vc_column][tm_spacer size=\u00bblg:25&#8243;][vc_single_image image=\u00bb7470&#8243; img_size=\u00bb1705&#215;677&#8243; alignment=\u00bbcenter\u00bb][tm_spacer size=\u00bblg:25&#8243;][\/vc_column][\/vc_row][vc_row][vc_column][tm_slider pagination=\u00bb1&#8243; gutter=\u00bb5&#8243; items_display=\u00bbxs:1;lg:3&#8243; items=\u00bb%5B%7B%22image%22%3A%227279%22%2C%22link%22%3A%22url%3Ahttps%253A%252F%252Fwww.russellbedford.com.ec%252Fen%252Faudit-services%252F%7C%7C%7C%22%7D%2C%7B%22image%22%3A%227281%22%2C%22link%22%3A%22url%3Ahttps%253A%252F%252Fwww.russellbedford.com.ec%252Fen%252Faccounting-services%252F%7C%7C%7C%22%7D%2C%7B%22image%22%3A%227283%22%2C%22link%22%3A%22url%3Ahttps%253A%252F%252Fwww.russellbedford.com.ec%252Fen%252Ftax-advice%252F%7C%7C%7C%22%7D%2C%7B%22image%22%3A%227282%22%2C%22link%22%3A%22url%3Ahttps%253A%252F%252Fwww.russellbedford.com.ec%252Fen%252Fh2b-empowering-human-resources%252F%7C%7C%7C%22%7D%2C%7B%22image%22%3A%227280%22%2C%22link%22%3A%22url%3Ahttps%253A%252F%252Fwww.russellbedford.com.ec%252Fen%252Fbusiness-intelligence%252F%7C%7C%7C%22%7D%2C%7B%22image%22%3A%227396%22%2C%22link%22%3A%22url%3Ahttps%253A%252F%252Fwww.russellbedford.com.ec%252Fen%252Fbusiness-intelligence%252F%7C%7C%7C%22%7D%5D\u00bb auto_play=\u00bb5000&#8243;][tm_spacer size=\u00bblg:20&#8243;][\/vc_column][\/vc_row][vc_row][vc_column][\/vc_column][\/vc_row]<\/p>\n<\/div>","protected":false},"excerpt":{"rendered":"[vc_row][vc_column][vc_column_text][\/vc_column_text][\/vc_column][\/vc_row][vc_row][vc_column][tm_spacer size=\u00bbsm:10;lg:50&#8243;][\/vc_column][\/vc_row][vc_row][vc_column][vc_column_text]\u00a0BUSINESS CONSULTING[\/vc_column_text][tm_spacer size=\u00bblg:25&#8243;][vc_column_text]With Russell Bedford Ecuador, you gain a trusted consultant who will guide you in elevating your achievements. We help you rethink and critically assess your current organizational structure, offering innovative ideas that challenge and motivate you to step beyond your comfort zones. In today\u2019s dynamic and multifaceted business environment, we empower you to adapt, grow, and thrive. Risk | Governance | Compliance A firm specialized in operational and strategic risk, corporate governance, and compliance. We provide support in diagnosis, design, implementation, maintenance, improvement, and auditing. We identify the root causes of your problems and offer solutions that add value to your organization. We have certified personnel in each of our areas of expertise. Risk Management Design and implementation of strategic and operational risk management systems aligned with ISO 31000 Diagnostics of risk management models based on ISO 31000, COSO ERM, or proprietary models Design of risk management manuals Support in the identification, analysis, and evaluation of risks Design and implementation of enterprise risk management aligned with the COSO ERM framework Information Security and Cybersecurity Support in defining cybersecurity strategies Diagnostics of information security models and cybersecurity models Design and implementation of information security management systems aligned with ISO 27001 Support in defining the scope of the ISMS Identification and prioritization of information assets Support in internal and external audits of information security management systems Support in the creation of information security and cybersecurity risk matrices Design of incident management plans for information security and cybersecurity Identification and analysis of vulnerabilities Business Continuity and Disaster Recovery Diagnostics of business continuity and technology recovery schemes Support in creating Business Impact Analysis (BIA) Evaluation of business continuity and technology recovery risks Definition of continuity strategies Design and implementation of contingency and operational continuity plans Support in identifying RTO (Recovery Time Objective), RPO (Recovery Point Objective) Design and implementation of business continuity management systems aligned with ISO 22301 Support in internal and external audits of existing continuity models Design of crisis management plans and war games with senior management Support in business continuity and technology recovery tests Technology and Business Processes Support in creating technology risk matrices and business process risks Review, improvement, and documentation of technology and business processes Current diagnostic of system implementation and\/or migration Support in the implementation and\/or migration of an application system (PQA \u2013 Project Quality Assurance) Risk-based audits Shared services center \u2013 review of general controls of technology and business processes Internal and external audits of systems based on risk Compliance audits Operational audits (agreed procedures) Review of software licensing Support in the creation of work plans for internal audits Corporate Governance Design and implementation of internal control models aligned with COSO 2013 Gap analysis to measure the maturity level of COSO 2013 implementation Best practices in corporate governance Fraud control and prevention models Design and implementation of anti-bribery management models aligned with ISO 37001 Gap analysis for ISO 37001 compliance Compliance Design and implementation of compliance management systems aligned with ISO 37301 Diagnostics of compliance models Internal and external compliance audits Design and implementation of personal data protection programs Diagnostics of data protection models applying current law Executive and Certification Courses in: International ISO 22301 Certification \u2013 Business Continuity (Lead Implementer and Lead Auditor) International ISO 27001 Certification \u2013 Information Security (Lead Implementer and Lead Auditor) International ISO 27005 Certification \u2013 Information Security Risk Manager International ISO 31000 Certification \u2013 Risk Manager International ISO 37001 Certification \u2013 Anti-bribery (Lead Implementer and Lead Auditor) International ISO 37301 Certification \u2013 Compliance (Lead Implementer and Lead Auditor) Support in in-house courses based on specialized subject needs To request our services, you can contact directly: Ra\u00fal V. Gonz\u00e1lez Carri\u00f3n | Partner, Consulting | Russell Bedford Ecuador Email: rgonzalez@rbecuador.com [\/vc_column_text][\/vc_column][\/vc_row][vc_row][vc_column][tm_spacer size=\u00bblg:25&#8243;][vc_single_image image=\u00bb7470&#8243; img_size=\u00bb1705&#215;677&#8243; alignment=\u00bbcenter\u00bb][tm_spacer size=\u00bblg:25&#8243;][\/vc_column][\/vc_row][vc_row][vc_column][tm_slider pagination=\u00bb1&#8243; gutter=\u00bb5&#8243; items_display=\u00bbxs:1;lg:3&#8243; items=\u00bb%5B%7B%22image%22%3A%227279%22%2C%22link%22%3A%22url%3Ahttps%253A%252F%252Fwww.russellbedford.com.ec%252Fen%252Faudit-services%252F%7C%7C%7C%22%7D%2C%7B%22image%22%3A%227281%22%2C%22link%22%3A%22url%3Ahttps%253A%252F%252Fwww.russellbedford.com.ec%252Fen%252Faccounting-services%252F%7C%7C%7C%22%7D%2C%7B%22image%22%3A%227283%22%2C%22link%22%3A%22url%3Ahttps%253A%252F%252Fwww.russellbedford.com.ec%252Fen%252Ftax-advice%252F%7C%7C%7C%22%7D%2C%7B%22image%22%3A%227282%22%2C%22link%22%3A%22url%3Ahttps%253A%252F%252Fwww.russellbedford.com.ec%252Fen%252Fh2b-empowering-human-resources%252F%7C%7C%7C%22%7D%2C%7B%22image%22%3A%227280%22%2C%22link%22%3A%22url%3Ahttps%253A%252F%252Fwww.russellbedford.com.ec%252Fen%252Fbusiness-intelligence%252F%7C%7C%7C%22%7D%2C%7B%22image%22%3A%227396%22%2C%22link%22%3A%22url%3Ahttps%253A%252F%252Fwww.russellbedford.com.ec%252Fen%252Fbusiness-intelligence%252F%7C%7C%7C%22%7D%5D\u00bb auto_play=\u00bb5000&#8243;][tm_spacer size=\u00bblg:20&#8243;][\/vc_column][\/vc_row][vc_row][vc_column][\/vc_column][\/vc_row]","protected":false},"author":1,"featured_media":0,"parent":0,"menu_order":0,"comment_status":"closed","ping_status":"closed","template":"","meta":{"footnotes":""},"class_list":["post-6685","page","type-page","status-publish","hentry"],"_links":{"self":[{"href":"https:\/\/www.russellbedford.com.ec\/en\/wp-json\/wp\/v2\/pages\/6685","targetHints":{"allow":["GET"]}}],"collection":[{"href":"https:\/\/www.russellbedford.com.ec\/en\/wp-json\/wp\/v2\/pages"}],"about":[{"href":"https:\/\/www.russellbedford.com.ec\/en\/wp-json\/wp\/v2\/types\/page"}],"author":[{"embeddable":true,"href":"https:\/\/www.russellbedford.com.ec\/en\/wp-json\/wp\/v2\/users\/1"}],"replies":[{"embeddable":true,"href":"https:\/\/www.russellbedford.com.ec\/en\/wp-json\/wp\/v2\/comments?post=6685"}],"version-history":[{"count":36,"href":"https:\/\/www.russellbedford.com.ec\/en\/wp-json\/wp\/v2\/pages\/6685\/revisions"}],"predecessor-version":[{"id":7405,"href":"https:\/\/www.russellbedford.com.ec\/en\/wp-json\/wp\/v2\/pages\/6685\/revisions\/7405"}],"wp:attachment":[{"href":"https:\/\/www.russellbedford.com.ec\/en\/wp-json\/wp\/v2\/media?parent=6685"}],"curies":[{"name":"wp","href":"https:\/\/api.w.org\/{rel}","templated":true}]}}